{"id":718,"date":"2025-07-28T09:07:20","date_gmt":"2025-07-28T09:07:20","guid":{"rendered":"https:\/\/hands4cambodia.de\/how-a-house-is-built\/"},"modified":"2025-09-23T11:30:29","modified_gmt":"2025-09-23T11:30:29","slug":"how-a-house-is-built","status":"publish","type":"page","link":"https:\/\/hands4cambodia.de\/en\/how-a-house-is-built\/","title":{"rendered":"How a house is built"},"content":{"rendered":"<p>[et_pb_section fb_built=&#8221;1&#8243; _builder_version=&#8221;4.16&#8243; global_colors_info=&#8221;{}&#8221;][et_pb_row _builder_version=&#8221;4.16&#8243; global_colors_info=&#8221;{}&#8221;][et_pb_column type=&#8221;4_4&#8243; _builder_version=&#8221;4.16&#8243; custom_padding=&#8221;|||&#8221; global_colors_info=&#8221;{}&#8221; custom_padding__hover=&#8221;|||&#8221;][et_pb_text _builder_version=&#8221;4.16&#8243; background_size=&#8221;initial&#8221; background_position=&#8221;top_left&#8221; background_repeat=&#8221;repeat&#8221; global_colors_info=&#8221;{}&#8221;]We have continued to improve the houses over the years and are proud to be able to build and donate sustainable, durable houses. Even the houses we built 16 years ago still look good and some have been extended with additional rooms. <\/p>\n<p>We only use materials from Cambodia. This means that people can carry out future repairs themselves. <\/p>\n<p>It all starts with a conversation. Our local NGO talks to the village elders and together they decide which families will receive help. These are usually families who have had to move in with neighbours during the monsoon season, or families whose children do not have a safe and dry place to do their homework.   <\/p>\n<p><img loading=\"lazy\" decoding=\"async\" class=\"alignnone size-full wp-image-482\" src=\"https:\/\/hands4cambodia.de\/wp-content\/uploads\/2025\/08\/aermliche-Unterkuenfte.png\" alt=\"\" width=\"1068\" height=\"365\"><\/p>\n<p>We then promise to help these families. For 2025, we have again promised 10 families a new home. Dalin (our local translator and allround organiser) then passes on the good news to the families:  <\/p>\n<p><img loading=\"lazy\" decoding=\"async\" class=\"alignnone wp-image-503 size-large\" src=\"https:\/\/hands4cambodia.de\/wp-content\/uploads\/2025\/08\/KaiRo_2024-12-11_02-55-03_3826-1024x683.jpg\" alt=\"\" width=\"1024\" height=\"683\" srcset=\"https:\/\/hands4cambodia.de\/wp-content\/uploads\/2025\/08\/KaiRo_2024-12-11_02-55-03_3826-980x653.jpg 980w, https:\/\/hands4cambodia.de\/wp-content\/uploads\/2025\/08\/KaiRo_2024-12-11_02-55-03_3826-480x320.jpg 480w\" sizes=\"(min-width: 0px) and (max-width: 480px) 480px, (min-width: 481px) and (max-width: 980px) 980px, (min-width: 981px) 1024px, 100vw\" \/><\/p>\n<p>Before we arrive, the foundations are already being laid locally, the support pillars are being erected and the base frame for the house is being completed.<\/p>\n<p><img loading=\"lazy\" decoding=\"async\" class=\"alignnone wp-image-486 size-large\" src=\"https:\/\/hands4cambodia.de\/wp-content\/uploads\/2025\/08\/VBC-House-Building-4-1024x768.jpg\" alt=\"\" width=\"1024\" height=\"768\" srcset=\"https:\/\/hands4cambodia.de\/wp-content\/uploads\/2025\/08\/VBC-House-Building-4-1024x768.jpg 1024w, https:\/\/hands4cambodia.de\/wp-content\/uploads\/2025\/08\/VBC-House-Building-4-980x735.jpg 980w, https:\/\/hands4cambodia.de\/wp-content\/uploads\/2025\/08\/VBC-House-Building-4-480x360.jpg 480w\" sizes=\"(min-width: 0px) and (max-width: 480px) 480px, (min-width: 481px) and (max-width: 980px) 980px, (min-width: 981px) 1024px, 100vw\" \/><\/p>\n<p>Construction: scaffolding and roof first: to prevent injury to helpers, stable scaffolding is erected. For reasons of time, we can also have the roof completed before our arrival: <\/p>\n<p><img loading=\"lazy\" decoding=\"async\" class=\"alignnone size-medium wp-image-489\" src=\"https:\/\/hands4cambodia.de\/wp-content\/uploads\/2025\/08\/20241213_074622.jpg\" alt=\"\" width=\"1\" height=\"1\"><img loading=\"lazy\" decoding=\"async\" class=\"alignnone wp-image-511 size-full\" src=\"https:\/\/hands4cambodia.de\/wp-content\/uploads\/2025\/08\/Grundrahmen-mit-Dach-1.jpg\" alt=\"\" width=\"1242\" height=\"720\" srcset=\"https:\/\/hands4cambodia.de\/wp-content\/uploads\/2025\/08\/Grundrahmen-mit-Dach-1.jpg 1242w, https:\/\/hands4cambodia.de\/wp-content\/uploads\/2025\/08\/Grundrahmen-mit-Dach-1-980x568.jpg 980w, https:\/\/hands4cambodia.de\/wp-content\/uploads\/2025\/08\/Grundrahmen-mit-Dach-1-480x278.jpg 480w\" sizes=\"(min-width: 0px) and (max-width: 480px) 480px, (min-width: 481px) and (max-width: 980px) 980px, (min-width: 981px) 1242px, 100vw\" \/><\/p>\n<p>We roll up our sleeves: there are many steps to complete, but everything is perfectly prepared: cordless screwdrivers are charged, stair treads are ready, all boards are carefully sorted, paint buckets are stirred, and local helpers are waiting for us.<\/p>\n<p><img loading=\"lazy\" decoding=\"async\" class=\"alignnone size-medium wp-image-497\" src=\"https:\/\/hands4cambodia.de\/wp-content\/uploads\/2025\/08\/KaiRo_2024-12-14_01-18-00_5098-Kopie-300x200.jpg\" alt=\"\" width=\"300\" height=\"200\"> <img loading=\"lazy\" decoding=\"async\" class=\"alignnone size-medium wp-image-521\" src=\"https:\/\/hands4cambodia.de\/wp-content\/uploads\/2025\/08\/KaiRo_2024-12-14_02-25-05_5265-Kopie-300x200.jpg\" alt=\"\" width=\"300\" height=\"200\"><\/p>\n<p>Lunch together with the village community<\/p>\n<p><img loading=\"lazy\" decoding=\"async\" class=\"alignnone size-medium wp-image-499\" src=\"https:\/\/hands4cambodia.de\/wp-content\/uploads\/2025\/08\/KaiRo_2024-12-14_04-50-21_5452-300x200.jpg\" alt=\"\" width=\"300\" height=\"200\"><\/p>\n<p>A house blessing by monks is always a highlight \u2013 and very important to people.<\/p>\n<p><img loading=\"lazy\" decoding=\"async\" class=\"alignnone size-medium wp-image-533\" src=\"https:\/\/hands4cambodia.de\/wp-content\/uploads\/2025\/08\/KaiRo_2024-12-14_01-42-47_5173-Kopie-300x200.jpg\" alt=\"\" width=\"300\" height=\"200\"><\/p>\n<p>Fun is also important<\/p>\n<p><img loading=\"lazy\" decoding=\"async\" class=\"alignnone size-medium wp-image-545\" src=\"https:\/\/hands4cambodia.de\/wp-content\/uploads\/2025\/08\/KaiRo_2024-12-14_04-23-44_5436_Spass-300x225.jpg\" alt=\"\" width=\"300\" height=\"225\"><\/p>\n<p>The village holds a blessing ceremony together with the helpers.<\/p>\n<p><img loading=\"lazy\" decoding=\"async\" class=\"alignnone wp-image-554 size-large\" src=\"https:\/\/hands4cambodia.de\/wp-content\/uploads\/2025\/08\/KaiRo_2024-12-14_06-02-18_5499-1-1024x683.jpg\" alt=\"\" width=\"1024\" height=\"683\" srcset=\"https:\/\/hands4cambodia.de\/wp-content\/uploads\/2025\/08\/KaiRo_2024-12-14_06-02-18_5499-1-980x653.jpg 980w, https:\/\/hands4cambodia.de\/wp-content\/uploads\/2025\/08\/KaiRo_2024-12-14_06-02-18_5499-1-480x320.jpg 480w\" sizes=\"(min-width: 0px) and (max-width: 480px) 480px, (min-width: 481px) and (max-width: 980px) 980px, (min-width: 981px) 1024px, 100vw\" \/><img loading=\"lazy\" decoding=\"async\" class=\"alignnone size-medium wp-image-454\" src=\"https:\/\/hands4cambodia.de\/wp-content\/uploads\/2025\/08\/KaiRo_2024-12-14_06-02-18_5499.jpg\" alt=\"\" width=\"1\" height=\"1\"><\/p>\n<p>Gratitude at the handover of the house<\/p>\n<p><img loading=\"lazy\" decoding=\"async\" class=\"alignnone size-medium wp-image-550\" src=\"https:\/\/hands4cambodia.de\/wp-content\/uploads\/2025\/08\/KaiRo_2024-12-14_06-57-44_5610-1.jpg\" alt=\"\" width=\"1\" height=\"1\"><img loading=\"lazy\" decoding=\"async\" class=\"alignnone size-medium wp-image-552\" src=\"https:\/\/hands4cambodia.de\/wp-content\/uploads\/2025\/08\/KaiRo_2024-12-14_06-47-39_5575.jpg\" alt=\"\" width=\"1\" height=\"1\"><img loading=\"lazy\" decoding=\"async\" class=\"alignnone size-medium wp-image-548\" src=\"https:\/\/hands4cambodia.de\/wp-content\/uploads\/2025\/08\/KaiRo_2024-12-14_06-58-09_5612-1.jpg\" alt=\"\" width=\"1\" height=\"1\"><br \/>\n[\/et_pb_text][\/et_pb_column][\/et_pb_row][\/et_pb_section]<\/p>\n","protected":false},"excerpt":{"rendered":"<p>We have continued to improve the houses over the years and are proud to be able to build and donate sustainable, durable houses. Even the houses we built 16 years ago still look good and some have been extended with additional rooms. We only use materials from Cambodia. This means that people can carry out [&hellip;]<\/p>\n","protected":false},"author":1,"featured_media":772,"parent":0,"menu_order":0,"comment_status":"closed","ping_status":"closed","template":"","meta":{"_acf_changed":false,"_et_pb_use_builder":"on","_et_pb_old_content":"<p>Wir haben die H\u00e4user im Laufe der Jahre immer weiter verbessert und sind stolz darauf, nachhaltige, langlebige H\u00e4user zu bauen und verschenken zu d\u00fcrfen. Selbst die H\u00e4user, die wir vor 16 Jahren gebaut haben, sehen noch gut aus und sind teilweise mit Anbauten erweitert worden.<\/p><p>Wir verwenden nur Material aus Kambodscha. Damit k\u00f6nnen die Menschen auch zuk\u00fcnftige Reparaturen selber machen.<\/p><p>Am Anfang steht das Gespr\u00e4ch. Unsere lokale NGO spricht mit den Dorf\u00e4ltesten und gemeinsam wird festgelegt, welchen Familien geholfen wird. Es sind meistens die, die w\u00e4hren des Monsuns bisher bei den Nachbarn einziehen mussten. Oder wo Kinder keinen sicheren und trockenen Ort haben um ihre Hausaufgaben zu machen<\/p><p><img class=\"alignnone size-full wp-image-482\" src=\"https:\/\/hands4cambodia.de\/wp-content\/uploads\/2025\/08\/aermliche-Unterkuenfte.png\" alt=\"\" width=\"1068\" height=\"365\" \/><\/p><p>Wir versprechen dann, diesen Familien zu helfen. F\u00fcr 2025 haben wir wieder 10 Familien ein neues Zuhause zugesagt. Dalin gibt die gute Nachricht dann an die Familien weiter:<\/p><p><img class=\"alignnone wp-image-503 size-large\" src=\"https:\/\/hands4cambodia.de\/wp-content\/uploads\/2025\/08\/KaiRo_2024-12-11_02-55-03_3826-1024x683.jpg\" alt=\"\" width=\"1024\" height=\"683\" \/><\/p><p>Bevor wir anreisen, werden lokal schon die Fundamente gegossen, die St\u00fctzpfeiler gesetzt und der Grundrahmen f\u00fcr das Haus fertiggestellt<\/p><p><img class=\"alignnone wp-image-486 size-large\" src=\"https:\/\/hands4cambodia.de\/wp-content\/uploads\/2025\/08\/VBC-House-Building-4-1024x768.jpg\" alt=\"\" width=\"1024\" height=\"768\" \/><\/p><p>Aufbau: ein Ger\u00fcst und das Dach zuerst: um Verletzungsgefahren f\u00fcr die Helfer vorzubeugen, wird ein stabiles Ger\u00fcst gebaut. Aus Zeitgr\u00fcnden k\u00f6nnen wir auch das Dach schon vor unserer Ankunft fertigstellen lassen:<\/p><p><img class=\"alignnone size-medium wp-image-489\" src=\"https:\/\/hands4cambodia.de\/wp-content\/uploads\/2025\/08\/20241213_074622.jpg\" alt=\"\" width=\"1\" height=\"1\" \/><img class=\"alignnone wp-image-511 size-full\" src=\"https:\/\/hands4cambodia.de\/wp-content\/uploads\/2025\/08\/Grundrahmen-mit-Dach-1.jpg\" alt=\"\" width=\"1242\" height=\"720\" \/><\/p><p>Wir krempeln die \u00c4rmel hoch: viele Arbeitsschritte, aber es ist alles perfekt vorbereitet: Akkuschrauber geladen, Treppenstufen liegen bereit, alle Bretter sorgf\u00e4ltig sortiert, Farbeimer ger\u00fchrt, lokale Helfer warten auf uns:<\/p><p><img class=\"alignnone size-medium wp-image-497\" src=\"https:\/\/hands4cambodia.de\/wp-content\/uploads\/2025\/08\/KaiRo_2024-12-14_01-18-00_5098-Kopie-300x200.jpg\" alt=\"\" width=\"300\" height=\"200\" \/> <img class=\"alignnone size-medium wp-image-521\" src=\"https:\/\/hands4cambodia.de\/wp-content\/uploads\/2025\/08\/KaiRo_2024-12-14_02-25-05_5265-Kopie-300x200.jpg\" alt=\"\" width=\"300\" height=\"200\" \/><\/p><p>Mittagessen gemeinsam mit der Dorfgemeinschaft<\/p><p><img class=\"alignnone size-medium wp-image-499\" src=\"https:\/\/hands4cambodia.de\/wp-content\/uploads\/2025\/08\/KaiRo_2024-12-14_04-50-21_5452-300x200.jpg\" alt=\"\" width=\"300\" height=\"200\" \/><\/p><p>Eine Haussegnung durch M\u00f6nchen ist immer ein highlight - und den Menschen sehr wichtig<\/p><p><img class=\"alignnone size-medium wp-image-533\" src=\"https:\/\/hands4cambodia.de\/wp-content\/uploads\/2025\/08\/KaiRo_2024-12-14_01-42-47_5173-Kopie-300x200.jpg\" alt=\"\" width=\"300\" height=\"200\" \/><\/p><p>Auch Spa\u00df muss sein<\/p><p><img class=\"alignnone size-medium wp-image-545\" src=\"https:\/\/hands4cambodia.de\/wp-content\/uploads\/2025\/08\/KaiRo_2024-12-14_04-23-44_5436_Spass-300x225.jpg\" alt=\"\" width=\"300\" height=\"225\" \/><\/p><p>Das Dorf macht zusammen mit den Helfern eine Segnungszeremonie<\/p><p><img class=\"alignnone wp-image-554 size-large\" src=\"https:\/\/hands4cambodia.de\/wp-content\/uploads\/2025\/08\/KaiRo_2024-12-14_06-02-18_5499-1-1024x683.jpg\" alt=\"\" width=\"1024\" height=\"683\" \/><img class=\"alignnone size-medium wp-image-454\" src=\"https:\/\/hands4cambodia.de\/wp-content\/uploads\/2025\/08\/KaiRo_2024-12-14_06-02-18_5499.jpg\" alt=\"\" width=\"1\" height=\"1\" \/><\/p><p>Dankbarkeit bei der Haus\u00fcbergabe<\/p><p><img class=\"alignnone size-medium wp-image-550\" src=\"https:\/\/hands4cambodia.de\/wp-content\/uploads\/2025\/08\/KaiRo_2024-12-14_06-57-44_5610-1.jpg\" alt=\"\" width=\"1\" height=\"1\" \/><img class=\"alignnone size-medium wp-image-552\" src=\"https:\/\/hands4cambodia.de\/wp-content\/uploads\/2025\/08\/KaiRo_2024-12-14_06-47-39_5575.jpg\" alt=\"\" width=\"1\" height=\"1\" \/><img class=\"alignnone size-medium wp-image-548\" src=\"https:\/\/hands4cambodia.de\/wp-content\/uploads\/2025\/08\/KaiRo_2024-12-14_06-58-09_5612-1.jpg\" alt=\"\" width=\"1\" height=\"1\" \/><\/p>","_et_gb_content_width":"","footnotes":""},"class_list":["post-718","page","type-page","status-publish","has-post-thumbnail","hentry"],"acf":[],"_links":{"self":[{"href":"https:\/\/hands4cambodia.de\/en\/wp-json\/wp\/v2\/pages\/718","targetHints":{"allow":["GET"]}}],"collection":[{"href":"https:\/\/hands4cambodia.de\/en\/wp-json\/wp\/v2\/pages"}],"about":[{"href":"https:\/\/hands4cambodia.de\/en\/wp-json\/wp\/v2\/types\/page"}],"author":[{"embeddable":true,"href":"https:\/\/hands4cambodia.de\/en\/wp-json\/wp\/v2\/users\/1"}],"replies":[{"embeddable":true,"href":"https:\/\/hands4cambodia.de\/en\/wp-json\/wp\/v2\/comments?post=718"}],"version-history":[{"count":7,"href":"https:\/\/hands4cambodia.de\/en\/wp-json\/wp\/v2\/pages\/718\/revisions"}],"predecessor-version":[{"id":899,"href":"https:\/\/hands4cambodia.de\/en\/wp-json\/wp\/v2\/pages\/718\/revisions\/899"}],"wp:featuredmedia":[{"embeddable":true,"href":"https:\/\/hands4cambodia.de\/en\/wp-json\/wp\/v2\/media\/772"}],"wp:attachment":[{"href":"https:\/\/hands4cambodia.de\/en\/wp-json\/wp\/v2\/media?parent=718"}],"curies":[{"name":"wp","href":"https:\/\/api.w.org\/{rel}","templated":true}]}}